{"id":394,"date":"2023-07-12T13:39:05","date_gmt":"2023-07-12T16:39:05","guid":{"rendered":"https:\/\/ninpon.com\/?page_id=394"},"modified":"2025-09-17T14:28:12","modified_gmt":"2025-09-17T17:28:12","slug":"shipping","status":"publish","type":"page","link":"https:\/\/ninpon.com\/pt\/envio\/","title":{"rendered":"Envio"},"content":{"rendered":"<p><strong>A Ninpon garante que todas as encomendas s\u00e3o cuidadosamente embaladas e protegidas de forma segura. O nosso objetivo \u00e9 entregar os seus produtos em perfeitas condi\u00e7\u00f5es.<\/strong><\/p>\n<p>&nbsp;<\/p>\n<p><strong>Envio Gratuito<\/strong><\/p>\n<p>O envio para Portugal Continental e Espanha \u00e9 gratuito para encomendas superiores a 60\u202f\u20ac. As encomendas s\u00e3o enviadas atrav\u00e9s da CTT Express no prazo de 48 horas.<br \/>\nO envio gratuito n\u00e3o est\u00e1 dispon\u00edvel para as ilhas, como os A\u00e7ores, Madeira, Ilhas Can\u00e1rias, Ilhas Baleares, Ceuta e Melilla.<\/p>\n<p>N\u00e3o oferecemos envio gratuito para outros pa\u00edses. No entanto, trabalhamos com v\u00e1rios parceiros log\u00edsticos para oferecer a melhor op\u00e7\u00e3o dispon\u00edvel para cada destino, em termos de custo e tempo de entrega. Atualmente, apenas efetuamos envios dentro da Europa.<\/p>\n<p>&nbsp;<\/p>\n<p><strong>Prazos de Envio<br \/>\n<\/strong><\/p>\n<p>Artigos em stock s\u00e3o enviados no prazo de 48 horas ap\u00f3s a confirma\u00e7\u00e3o do pagamento.<br \/>\nArtigos em pr\u00e9-venda s\u00e3o enviados no prazo de 48 horas ap\u00f3s o seu lan\u00e7amento e chegada ao nosso armaz\u00e9m. As datas de lan\u00e7amento previstas est\u00e3o indicadas nas p\u00e1ginas dos produtos e podem ser alteradas pelo fabricante.<br \/>\nArtigos em stock no fornecedor demoram geralmente cerca de 5 dias \u00fateis a chegar ao nosso armaz\u00e9m, sendo posteriormente enviados no prazo de 48 horas.<\/p>\n<p>Todos os prazos de entrega s\u00e3o estimados e podem ser afetados durante per\u00edodos de elevada procura, como a Black Friday ou o Natal, devido a eventuais atrasos por parte das transportadoras. Nestes per\u00edodos, a nossa equipa trabalha arduamente para minimizar qualquer perturba\u00e7\u00e3o.<\/p>\n<p>Todos os envios incluem um n\u00famero de rastreio para que possa acompanhar o estado da sua entrega. A informa\u00e7\u00e3o de rastreio fica dispon\u00edvel na p\u00e1gina da sua conta de utilizador.<\/p>","protected":false},"excerpt":{"rendered":"<p>Ninpon ensures that all orders are carefully packed and securely protected. Our goal is to deliver your products in perfect condition. &nbsp; Free Shipping Shipping to mainland Portugal and Spain is free for orders over \u20ac60. Orders are shipped via CTT Express within 48 hours. Free shipping is not available for islands, such as the [&hellip;]<\/p>","protected":false},"author":2,"featured_media":0,"parent":0,"menu_order":0,"comment_status":"closed","ping_status":"closed","template":"","meta":{"footnotes":""},"class_list":["post-394","page","type-page","status-publish","hentry"],"acf":[],"yoast_head":"<!-- This site is optimized with the Yoast SEO plugin v27.4 - https:\/\/yoast.com\/product\/yoast-seo-wordpress\/ -->\n<title>Shipping &amp; Delivery | Ninpon<\/title>\n<meta name=\"description\" content=\"Learn about Ninpon\u2019s fast and reliable shipping for anime and gaming products. Get your order delivered quickly and safely in the US.\" \/>\n<meta name=\"robots\" content=\"index, follow, max-snippet:-1, max-image-preview:large, max-video-preview:-1\" \/>\n<link rel=\"canonical\" href=\"https:\/\/ninpon.com\/pt\/envio\/\" \/>\n<meta property=\"og:locale\" content=\"pt_PT\" \/>\n<meta property=\"og:type\" content=\"article\" \/>\n<meta property=\"og:title\" content=\"Shipping &amp; Delivery | Ninpon\" \/>\n<meta property=\"og:description\" content=\"Learn about Ninpon\u2019s fast and reliable shipping for anime and gaming products. Get your order delivered quickly and safely in the US.\" \/>\n<meta property=\"og:url\" content=\"https:\/\/ninpon.com\/pt\/envio\/\" \/>\n<meta property=\"og:site_name\" content=\"Ninpon\" \/>\n<meta property=\"article:modified_time\" content=\"2025-09-17T17:28:12+00:00\" \/>\n<meta property=\"og:image\" content=\"https:\/\/ninpon.com\/wp-content\/uploads\/2025\/09\/seo.png\" \/>\n\t<meta property=\"og:image:width\" content=\"1200\" \/>\n\t<meta property=\"og:image:height\" content=\"675\" \/>\n\t<meta property=\"og:image:type\" content=\"image\/png\" \/>\n<meta name=\"twitter:card\" content=\"summary_large_image\" \/>\n<meta name=\"twitter:label1\" content=\"Tempo estimado de leitura\" \/>\n\t<meta name=\"twitter:data1\" content=\"2 minutos\" \/>\n<script type=\"application\/ld+json\" class=\"yoast-schema-graph\">{\"@context\":\"https:\\\/\\\/schema.org\",\"@graph\":[{\"@type\":\"WebPage\",\"@id\":\"https:\\\/\\\/ninpon.com\\\/shipping\\\/\",\"url\":\"https:\\\/\\\/ninpon.com\\\/shipping\\\/\",\"name\":\"Shipping & Delivery | Ninpon\",\"isPartOf\":{\"@id\":\"https:\\\/\\\/ninpon.com\\\/#website\"},\"datePublished\":\"2023-07-12T16:39:05+00:00\",\"dateModified\":\"2025-09-17T17:28:12+00:00\",\"description\":\"Learn about Ninpon\u2019s fast and reliable shipping for anime and gaming products. Get your order delivered quickly and safely in the US.\",\"inLanguage\":\"pt-PT\",\"potentialAction\":[{\"@type\":\"ReadAction\",\"target\":[\"https:\\\/\\\/ninpon.com\\\/shipping\\\/\"]}]},{\"@type\":\"WebSite\",\"@id\":\"https:\\\/\\\/ninpon.com\\\/#website\",\"url\":\"https:\\\/\\\/ninpon.com\\\/\",\"name\":\"Ninpon\",\"description\":\"\",\"publisher\":{\"@id\":\"https:\\\/\\\/ninpon.com\\\/#organization\"},\"potentialAction\":[{\"@type\":\"SearchAction\",\"target\":{\"@type\":\"EntryPoint\",\"urlTemplate\":\"https:\\\/\\\/ninpon.com\\\/?s={search_term_string}\"},\"query-input\":{\"@type\":\"PropertyValueSpecification\",\"valueRequired\":true,\"valueName\":\"search_term_string\"}}],\"inLanguage\":\"pt-PT\"},{\"@type\":\"Organization\",\"@id\":\"https:\\\/\\\/ninpon.com\\\/#organization\",\"name\":\"Ninpon\",\"url\":\"https:\\\/\\\/ninpon.com\\\/\",\"logo\":{\"@type\":\"ImageObject\",\"inLanguage\":\"pt-PT\",\"@id\":\"https:\\\/\\\/ninpon.com\\\/#\\\/schema\\\/logo\\\/image\\\/\",\"url\":\"https:\\\/\\\/ninpon.com\\\/wp-content\\\/uploads\\\/2023\\\/07\\\/logo.svg\",\"contentUrl\":\"https:\\\/\\\/ninpon.com\\\/wp-content\\\/uploads\\\/2023\\\/07\\\/logo.svg\",\"width\":168,\"height\":50,\"caption\":\"Ninpon\"},\"image\":{\"@id\":\"https:\\\/\\\/ninpon.com\\\/#\\\/schema\\\/logo\\\/image\\\/\"}}]}<\/script>\n<!-- \/ Yoast SEO plugin. -->","yoast_head_json":{"title":"Shipping & Delivery | Ninpon","description":"Learn about Ninpon\u2019s fast and reliable shipping for anime and gaming products. Get your order delivered quickly and safely in the US.","robots":{"index":"index","follow":"follow","max-snippet":"max-snippet:-1","max-image-preview":"max-image-preview:large","max-video-preview":"max-video-preview:-1"},"canonical":"https:\/\/ninpon.com\/pt\/envio\/","og_locale":"pt_PT","og_type":"article","og_title":"Shipping & Delivery | Ninpon","og_description":"Learn about Ninpon\u2019s fast and reliable shipping for anime and gaming products. Get your order delivered quickly and safely in the US.","og_url":"https:\/\/ninpon.com\/pt\/envio\/","og_site_name":"Ninpon","article_modified_time":"2025-09-17T17:28:12+00:00","og_image":[{"width":1200,"height":675,"url":"https:\/\/ninpon.com\/wp-content\/uploads\/2025\/09\/seo.png","type":"image\/png"}],"twitter_card":"summary_large_image","twitter_misc":{"Tempo estimado de leitura":"2 minutos"},"schema":{"@context":"https:\/\/schema.org","@graph":[{"@type":"WebPage","@id":"https:\/\/ninpon.com\/shipping\/","url":"https:\/\/ninpon.com\/shipping\/","name":"Shipping & Delivery | Ninpon","isPartOf":{"@id":"https:\/\/ninpon.com\/#website"},"datePublished":"2023-07-12T16:39:05+00:00","dateModified":"2025-09-17T17:28:12+00:00","description":"Learn about Ninpon\u2019s fast and reliable shipping for anime and gaming products. Get your order delivered quickly and safely in the US.","inLanguage":"pt-PT","potentialAction":[{"@type":"ReadAction","target":["https:\/\/ninpon.com\/shipping\/"]}]},{"@type":"WebSite","@id":"https:\/\/ninpon.com\/#website","url":"https:\/\/ninpon.com\/","name":"Ninpon","description":"","publisher":{"@id":"https:\/\/ninpon.com\/#organization"},"potentialAction":[{"@type":"SearchAction","target":{"@type":"EntryPoint","urlTemplate":"https:\/\/ninpon.com\/?s={search_term_string}"},"query-input":{"@type":"PropertyValueSpecification","valueRequired":true,"valueName":"search_term_string"}}],"inLanguage":"pt-PT"},{"@type":"Organization","@id":"https:\/\/ninpon.com\/#organization","name":"Ninpon","url":"https:\/\/ninpon.com\/","logo":{"@type":"ImageObject","inLanguage":"pt-PT","@id":"https:\/\/ninpon.com\/#\/schema\/logo\/image\/","url":"https:\/\/ninpon.com\/wp-content\/uploads\/2023\/07\/logo.svg","contentUrl":"https:\/\/ninpon.com\/wp-content\/uploads\/2023\/07\/logo.svg","width":168,"height":50,"caption":"Ninpon"},"image":{"@id":"https:\/\/ninpon.com\/#\/schema\/logo\/image\/"}}]}},"_links":{"self":[{"href":"https:\/\/ninpon.com\/pt\/wp-json\/wp\/v2\/pages\/394","targetHints":{"allow":["GET"]}}],"collection":[{"href":"https:\/\/ninpon.com\/pt\/wp-json\/wp\/v2\/pages"}],"about":[{"href":"https:\/\/ninpon.com\/pt\/wp-json\/wp\/v2\/types\/page"}],"author":[{"embeddable":true,"href":"https:\/\/ninpon.com\/pt\/wp-json\/wp\/v2\/users\/2"}],"replies":[{"embeddable":true,"href":"https:\/\/ninpon.com\/pt\/wp-json\/wp\/v2\/comments?post=394"}],"version-history":[{"count":5,"href":"https:\/\/ninpon.com\/pt\/wp-json\/wp\/v2\/pages\/394\/revisions"}],"predecessor-version":[{"id":921,"href":"https:\/\/ninpon.com\/pt\/wp-json\/wp\/v2\/pages\/394\/revisions\/921"}],"wp:attachment":[{"href":"https:\/\/ninpon.com\/pt\/wp-json\/wp\/v2\/media?parent=394"}],"curies":[{"name":"wp","href":"https:\/\/api.w.org\/{rel}","templated":true}]}}