{"id":385,"date":"2023-07-12T13:30:35","date_gmt":"2023-07-12T16:30:35","guid":{"rendered":"https:\/\/ninpon.com\/?page_id=385"},"modified":"2025-09-17T14:33:16","modified_gmt":"2025-09-17T17:33:16","slug":"return-policy","status":"publish","type":"page","link":"https:\/\/ninpon.com\/pt\/politica-de-devolucao\/","title":{"rendered":"Pol\u00edtica de devolu\u00e7\u00e3o"},"content":{"rendered":"<p>Disp\u00f5e de 14 dias consecutivos para efetuar a devolu\u00e7\u00e3o, contando a partir da data de rece\u00e7\u00e3o da encomenda.<\/p>\n<p>Apenas ser\u00e3o aceites produtos que se encontrem na sua embalagem original, n\u00e3o abertos e em perfeitas condi\u00e7\u00f5es.<\/p>\n<p>&nbsp;<\/p>\n<p><strong>Processo de Devolu\u00e7\u00e3o<\/strong><\/p>\n<p>Antes de devolver um artigo, por favor contacte o nosso servi\u00e7o de apoio ao cliente e iremos inform\u00e1-lo sobre como proceder.<br \/>\nNo caso de produto com defeito, dever\u00e1 contactar o nosso servi\u00e7o de apoio ao cliente no prazo de 48 horas ap\u00f3s a entrega e fornecer prova clara do defeito. A nossa equipa analisar\u00e1 o caso e inform\u00e1-lo-\u00e1 sobre os passos a seguir.<\/p>\n<p>Ap\u00f3s receber as instru\u00e7\u00f5es, o cliente ser\u00e1 respons\u00e1vel por enviar a devolu\u00e7\u00e3o para a seguinte morada:<\/p>\n<p>Ninpon<br \/>\nRua da Ind\u00fastria, 1 &#8211; 1 Drt<br \/>\n3810-011 Santa Joana \u2013 Aveiro<br \/>\nPortugal<\/p>\n<p>Por favor note que o cliente \u00e9 respons\u00e1vel por todos os custos de envio da devolu\u00e7\u00e3o, exceto nos casos de produtos com defeito. Nestes casos, a Ninpon suportar\u00e1 os custos de envio da devolu\u00e7\u00e3o.<br \/>\nAconselhamos a utiliza\u00e7\u00e3o de um servi\u00e7o de envio com rastreio, uma vez que n\u00e3o poderemos emitir reembolsos por produtos que n\u00e3o tenhamos recebido.<\/p>\n<p>&nbsp;<\/p>\n<p><strong>Reembolsos<\/strong><\/p>\n<p>Ap\u00f3s rececionarmos a sua devolu\u00e7\u00e3o e inspecionarmos o estado do artigo, procederemos ao processamento do reembolso. Por favor, permita at\u00e9 14 dias \u00fateis a contar da rece\u00e7\u00e3o do artigo para que o processo seja conclu\u00eddo.<br \/>\nOs reembolsos podem demorar 1\u20132 ciclos de fatura\u00e7\u00e3o a aparecer no extrato do seu cart\u00e3o de cr\u00e9dito, dependendo da sua entidade banc\u00e1ria. Iremos notific\u00e1-lo por e-mail quando o seu reembolso tiver sido processado.<\/p>\n<p>&nbsp;<\/p>\n<p><strong>Exce\u00e7\u00f5es<\/strong><\/p>\n<p>Os seguintes artigos n\u00e3o podem ser devolvidos nem reembolsados:<br \/>\nArtigos em Pr\u00e9-Venda<br \/>\nArtigos Em Stock no Fornecedor<\/p>\n<p>Devido \u00e0 natureza do processo de encomenda e aos termos dos fornecedores, alguns produtos s\u00e3o especificamente encomendados, reservados ou adquiridos ap\u00f3s a confirma\u00e7\u00e3o individual de cada cliente. Isto inclui artigos assinalados como \"pr\u00e9-venda\" ou \"em stock no fornecedor\".<\/p>\n<p>Como estes artigos n\u00e3o fazem parte do nosso stock habitual e s\u00e3o obtidos exclusivamente mediante encomenda, n\u00e3o \u00e9 poss\u00edvel aceitar cancelamentos ou devolu\u00e7\u00f5es ap\u00f3s a realiza\u00e7\u00e3o da compra.<\/p>\n<p>Ao confirmar a compra destes produtos, o cliente reconhece e aceita que abdica do direito de livre resolu\u00e7\u00e3o de 14 dias aplic\u00e1vel aos restantes produtos, nos termos do Artigo 17.\u00ba, al\u00ednea c), do Decreto-Lei n.\u00ba 24\/2014, que transp\u00f5e a Diretiva 2011\/83\/UE relativa aos direitos dos consumidores.<\/p>\n<p>Caso prefira manter o direito legal de livre resolu\u00e7\u00e3o, recomendamos aguardar at\u00e9 que o produto esteja dispon\u00edvel no nosso cat\u00e1logo regular.<\/p>\n<p>&nbsp;<\/p>\n<p><strong>Quest\u00f5es<\/strong><\/p>\n<p>Se tem alguma d\u00favida sobre a pol\u00edtica de devolu\u00e7\u00e3o, por favor contacte-nos em:<\/p>\n<p>WhatsApp: +351 910328799<br \/>\nEmail: info@ninpon.com<\/p>","protected":false},"excerpt":{"rendered":"<p>You have 14 consecutive days to make the return, counting from the date of receipt of the order. Only products that are in their original packaging, unopened and in perfect condition will be accepted. &nbsp; Return Process Before returning an item, please contact our customer service and we will inform you how to proceed. In [&hellip;]<\/p>","protected":false},"author":2,"featured_media":0,"parent":0,"menu_order":0,"comment_status":"closed","ping_status":"closed","template":"","meta":{"footnotes":""},"class_list":["post-385","page","type-page","status-publish","hentry"],"acf":[],"yoast_head":"<!-- This site is optimized with the Yoast SEO plugin v27.4 - https:\/\/yoast.com\/product\/yoast-seo-wordpress\/ -->\n<title>Refund Policy | Ninpon<\/title>\n<meta name=\"description\" content=\"Read Ninpon\u2019s refund policy for anime and gaming products. Your satisfaction is our top priority when shopping online.\" \/>\n<meta name=\"robots\" content=\"index, follow, max-snippet:-1, max-image-preview:large, max-video-preview:-1\" \/>\n<link rel=\"canonical\" href=\"https:\/\/ninpon.com\/pt\/politica-de-devolucao\/\" \/>\n<meta property=\"og:locale\" content=\"pt_PT\" \/>\n<meta property=\"og:type\" content=\"article\" \/>\n<meta property=\"og:title\" content=\"Refund Policy | Ninpon\" \/>\n<meta property=\"og:description\" content=\"Read Ninpon\u2019s refund policy for anime and gaming products. Your satisfaction is our top priority when shopping online.\" \/>\n<meta property=\"og:url\" content=\"https:\/\/ninpon.com\/pt\/politica-de-devolucao\/\" \/>\n<meta property=\"og:site_name\" content=\"Ninpon\" \/>\n<meta property=\"article:modified_time\" content=\"2025-09-17T17:33:16+00:00\" \/>\n<meta property=\"og:image\" content=\"https:\/\/ninpon.com\/wp-content\/uploads\/2025\/09\/seo.png\" \/>\n\t<meta property=\"og:image:width\" content=\"1200\" \/>\n\t<meta property=\"og:image:height\" content=\"675\" \/>\n\t<meta property=\"og:image:type\" content=\"image\/png\" \/>\n<meta name=\"twitter:card\" content=\"summary_large_image\" \/>\n<meta name=\"twitter:label1\" content=\"Tempo estimado de leitura\" \/>\n\t<meta name=\"twitter:data1\" content=\"2 minutos\" \/>\n<script type=\"application\/ld+json\" class=\"yoast-schema-graph\">{\"@context\":\"https:\\\/\\\/schema.org\",\"@graph\":[{\"@type\":\"WebPage\",\"@id\":\"https:\\\/\\\/ninpon.com\\\/return-policy\\\/\",\"url\":\"https:\\\/\\\/ninpon.com\\\/return-policy\\\/\",\"name\":\"Refund Policy | Ninpon\",\"isPartOf\":{\"@id\":\"https:\\\/\\\/ninpon.com\\\/#website\"},\"datePublished\":\"2023-07-12T16:30:35+00:00\",\"dateModified\":\"2025-09-17T17:33:16+00:00\",\"description\":\"Read Ninpon\u2019s refund policy for anime and gaming products. Your satisfaction is our top priority when shopping online.\",\"inLanguage\":\"pt-PT\",\"potentialAction\":[{\"@type\":\"ReadAction\",\"target\":[\"https:\\\/\\\/ninpon.com\\\/return-policy\\\/\"]}]},{\"@type\":\"WebSite\",\"@id\":\"https:\\\/\\\/ninpon.com\\\/#website\",\"url\":\"https:\\\/\\\/ninpon.com\\\/\",\"name\":\"Ninpon\",\"description\":\"\",\"publisher\":{\"@id\":\"https:\\\/\\\/ninpon.com\\\/#organization\"},\"potentialAction\":[{\"@type\":\"SearchAction\",\"target\":{\"@type\":\"EntryPoint\",\"urlTemplate\":\"https:\\\/\\\/ninpon.com\\\/?s={search_term_string}\"},\"query-input\":{\"@type\":\"PropertyValueSpecification\",\"valueRequired\":true,\"valueName\":\"search_term_string\"}}],\"inLanguage\":\"pt-PT\"},{\"@type\":\"Organization\",\"@id\":\"https:\\\/\\\/ninpon.com\\\/#organization\",\"name\":\"Ninpon\",\"url\":\"https:\\\/\\\/ninpon.com\\\/\",\"logo\":{\"@type\":\"ImageObject\",\"inLanguage\":\"pt-PT\",\"@id\":\"https:\\\/\\\/ninpon.com\\\/#\\\/schema\\\/logo\\\/image\\\/\",\"url\":\"https:\\\/\\\/ninpon.com\\\/wp-content\\\/uploads\\\/2023\\\/07\\\/logo.svg\",\"contentUrl\":\"https:\\\/\\\/ninpon.com\\\/wp-content\\\/uploads\\\/2023\\\/07\\\/logo.svg\",\"width\":168,\"height\":50,\"caption\":\"Ninpon\"},\"image\":{\"@id\":\"https:\\\/\\\/ninpon.com\\\/#\\\/schema\\\/logo\\\/image\\\/\"}}]}<\/script>\n<!-- \/ Yoast SEO plugin. -->","yoast_head_json":{"title":"Refund Policy | Ninpon","description":"Read Ninpon\u2019s refund policy for anime and gaming products. Your satisfaction is our top priority when shopping online.","robots":{"index":"index","follow":"follow","max-snippet":"max-snippet:-1","max-image-preview":"max-image-preview:large","max-video-preview":"max-video-preview:-1"},"canonical":"https:\/\/ninpon.com\/pt\/politica-de-devolucao\/","og_locale":"pt_PT","og_type":"article","og_title":"Refund Policy | Ninpon","og_description":"Read Ninpon\u2019s refund policy for anime and gaming products. Your satisfaction is our top priority when shopping online.","og_url":"https:\/\/ninpon.com\/pt\/politica-de-devolucao\/","og_site_name":"Ninpon","article_modified_time":"2025-09-17T17:33:16+00:00","og_image":[{"width":1200,"height":675,"url":"https:\/\/ninpon.com\/wp-content\/uploads\/2025\/09\/seo.png","type":"image\/png"}],"twitter_card":"summary_large_image","twitter_misc":{"Tempo estimado de leitura":"2 minutos"},"schema":{"@context":"https:\/\/schema.org","@graph":[{"@type":"WebPage","@id":"https:\/\/ninpon.com\/return-policy\/","url":"https:\/\/ninpon.com\/return-policy\/","name":"Refund Policy | Ninpon","isPartOf":{"@id":"https:\/\/ninpon.com\/#website"},"datePublished":"2023-07-12T16:30:35+00:00","dateModified":"2025-09-17T17:33:16+00:00","description":"Read Ninpon\u2019s refund policy for anime and gaming products. Your satisfaction is our top priority when shopping online.","inLanguage":"pt-PT","potentialAction":[{"@type":"ReadAction","target":["https:\/\/ninpon.com\/return-policy\/"]}]},{"@type":"WebSite","@id":"https:\/\/ninpon.com\/#website","url":"https:\/\/ninpon.com\/","name":"Ninpon","description":"","publisher":{"@id":"https:\/\/ninpon.com\/#organization"},"potentialAction":[{"@type":"SearchAction","target":{"@type":"EntryPoint","urlTemplate":"https:\/\/ninpon.com\/?s={search_term_string}"},"query-input":{"@type":"PropertyValueSpecification","valueRequired":true,"valueName":"search_term_string"}}],"inLanguage":"pt-PT"},{"@type":"Organization","@id":"https:\/\/ninpon.com\/#organization","name":"Ninpon","url":"https:\/\/ninpon.com\/","logo":{"@type":"ImageObject","inLanguage":"pt-PT","@id":"https:\/\/ninpon.com\/#\/schema\/logo\/image\/","url":"https:\/\/ninpon.com\/wp-content\/uploads\/2023\/07\/logo.svg","contentUrl":"https:\/\/ninpon.com\/wp-content\/uploads\/2023\/07\/logo.svg","width":168,"height":50,"caption":"Ninpon"},"image":{"@id":"https:\/\/ninpon.com\/#\/schema\/logo\/image\/"}}]}},"_links":{"self":[{"href":"https:\/\/ninpon.com\/pt\/wp-json\/wp\/v2\/pages\/385","targetHints":{"allow":["GET"]}}],"collection":[{"href":"https:\/\/ninpon.com\/pt\/wp-json\/wp\/v2\/pages"}],"about":[{"href":"https:\/\/ninpon.com\/pt\/wp-json\/wp\/v2\/types\/page"}],"author":[{"embeddable":true,"href":"https:\/\/ninpon.com\/pt\/wp-json\/wp\/v2\/users\/2"}],"replies":[{"embeddable":true,"href":"https:\/\/ninpon.com\/pt\/wp-json\/wp\/v2\/comments?post=385"}],"version-history":[{"count":5,"href":"https:\/\/ninpon.com\/pt\/wp-json\/wp\/v2\/pages\/385\/revisions"}],"predecessor-version":[{"id":922,"href":"https:\/\/ninpon.com\/pt\/wp-json\/wp\/v2\/pages\/385\/revisions\/922"}],"wp:attachment":[{"href":"https:\/\/ninpon.com\/pt\/wp-json\/wp\/v2\/media?parent=385"}],"curies":[{"name":"wp","href":"https:\/\/api.w.org\/{rel}","templated":true}]}}