{"id":876,"date":"2025-04-04T16:46:59","date_gmt":"2025-04-04T19:46:59","guid":{"rendered":"https:\/\/ninpon.com\/?page_id=876"},"modified":"2025-09-17T14:16:02","modified_gmt":"2025-09-17T17:16:02","slug":"terms-of-use","status":"publish","type":"page","link":"https:\/\/ninpon.com\/es\/terms-of-use\/","title":{"rendered":"T\u00e9rminos de Uso"},"content":{"rendered":"<p>La tienda online Ninpon opera seg\u00fan los t\u00e9rminos y condiciones presentados a continuaci\u00f3n. Al acceder al sitio web www.ninpon.com, el usuario acepta expresamente los siguientes t\u00e9rminos y condiciones de uso, as\u00ed como la pol\u00edtica de privacidad, que puede consultarse aqu\u00ed.<\/p>\n<p>Ninpon se reserva el derecho de modificar, total o parcialmente, los t\u00e9rminos y condiciones aqu\u00ed presentados en cualquier momento. Dichas modificaciones ser\u00e1n v\u00e1lidas a partir de la fecha de su publicaci\u00f3n en el sitio web.<\/p>\n<p>&nbsp;<\/p>\n<p><strong>1 - Propiedad del Sitio Web<\/strong><\/p>\n<p>Titular: AkibaSphere, Unipessoal LDA.<\/p>\n<p>NIF: 518835618<\/p>\n<p>Domicilio social: Rua da Ind\u00fastria 1 - 1 Dt, 3810-011 Aveiro, Portugal<\/p>\n<p>Tel\u00e9fono: +351 910 328 799<\/p>\n<p>Correo electr\u00f3nico: info@ninpon.com<br \/>\nLos usuarios pueden enviar cualquier reclamaci\u00f3n a la direcci\u00f3n de correo electr\u00f3nico o postal indicada anteriormente.<\/p>\n<p>&nbsp;<\/p>\n<p><strong>2 - Operaci\u00f3n y Productos<\/strong><\/p>\n<p>El sitio web ofrece las siguientes opciones a los Usuarios para la adquisici\u00f3n de los Productos ofrecidos:<\/p>\n<p>(i) En Stock: Estos productos est\u00e1n disponibles en nuestro almac\u00e9n y ser\u00e1n enviados inmediatamente despu\u00e9s de la confirmaci\u00f3n del pago.<\/p>\n<p>(ii) Stock del Proveedor: Estos productos est\u00e1n disponibles a trav\u00e9s del proveedor y no se encuentran f\u00edsicamente en stock en el almac\u00e9n de Ninpon. Una vez realizado el pedido, el producto ser\u00e1 encargado al proveedor. El env\u00edo se procesar\u00e1 tan pronto como el producto sea recibido en nuestro almac\u00e9n. Los tiempos de entrega pueden variar seg\u00fan la disponibilidad y el tiempo de procesamiento del proveedor.<\/p>\n<p>(iii) Pre-Order: Ninpon offers Users the possibility of reserving products before they are available on the market. When the User acquires a figure in Pre-Order mode, they are reserving a unit of that item at the price marked at the time of purchase.<br \/>\nComo regla general, los precios tienden a aumentar a medida que se acerca la fecha de lanzamiento. Con el modelo de Pre-Venta, est\u00e1 reservando esa figura al precio actual, que podr\u00eda incrementarse posteriormente.<br \/>\nUna vez que el producto sea lanzado y recibido en nuestro almac\u00e9n, se proceder\u00e1 a realizar los env\u00edos a los clientes.<\/p>\n<p>Ninpon will indicate on the Website those Products that are available in Pre-Order or In Stock Supplier.<\/p>\n<p>En el caso de que el Producto no se encuentre disponible en ninguna de las modalidades mencionadas, el cliente ser\u00e1 contactado de inmediato y Ninpon proceder\u00e1 al reembolso del importe pagado por el(los) producto(s) que falten.<\/p>\n<p>&nbsp;<\/p>\n<p><strong>3 - Cuenta de Usuario<\/strong><\/p>\n<p>El sitio web ofrece a los usuarios la opci\u00f3n de crear una cuenta completando un formulario online con la informaci\u00f3n requerida. Los usuarios son totalmente responsables del uso de sus cuentas. Por tanto, deben custodiar adecuadamente su nombre de usuario y contrase\u00f1a, garantizando su confidencialidad. Tambi\u00e9n se comprometen a no compartir sus credenciales con terceros, ni temporal ni permanentemente, ni a permitir accesos no autorizados.<\/p>\n<p>Ninpon queda exenta de cualquier responsabilidad derivada del uso indebido de los nombres de usuario o contrase\u00f1as por parte de terceros no autorizados.<\/p>\n<p>&nbsp;<\/p>\n<p><strong>4 - Conducta del Usuario en el Sitio Web<\/strong><\/p>\n<p>Los Usuarios se comprometen a utilizar cualquier informaci\u00f3n o contenido al que accedan a trav\u00e9s del Sitio Web de manera honesta y l\u00edcita, de conformidad con la legislaci\u00f3n vigente y estos T\u00e9rminos y Condiciones de Uso.<br \/>\nLos Usuarios no deben registrarse ni proporcionar informaci\u00f3n falsa, inexacta, incompleta o desactualizada. Adem\u00e1s, no deben acceder al Sitio Web utilizando el nombre, datos de identificaci\u00f3n o contrase\u00f1a de otro Usuario, ni hacerse pasar por ninguna persona o entidad.<\/p>\n<p>Los Usuarios asumen plena responsabilidad por su uso del Sitio Web, incluido cualquier registro requerido para acceder a contenidos o servicios espec\u00edficos proporcionados por Ninpon.<\/p>\n<p>Al acceder al Sitio Web, acepta utilizar de manera adecuada los Contenidos y servicios ofrecidos por Ninpon.<\/p>\n<p>En cualquier caso, Ninpon se reserva el derecho a denegar el acceso al Sitio Web, cancelar cuentas, eliminar o modificar contenido, o interrumpir servicios si el Sitio Web se utiliza de manera indebida.<\/p>\n<p>&nbsp;<\/p>\n<p><strong>5 - Precios<\/strong><\/p>\n<p>Los precios que se muestran en el sitio web www.ninpon.com est\u00e1n expresados en euros (EUR) e incluyen el IVA a la tasa legal vigente, de acuerdo con el pa\u00eds en el que se realice la compra. Los costes de env\u00edo, si los hubiera, se a\u00f1adir\u00e1n al precio total.<br \/>\nNinpon podr\u00e1, en cualquier momento y sin previo aviso, modificar los precios, as\u00ed como la informaci\u00f3n y las ofertas comerciales relacionadas con productos, promociones, condiciones comerciales y servicios.<\/p>\n<p>&nbsp;<\/p>\n<p><strong>6 - M\u00e9todos de Pago<\/strong><\/p>\n<p>Ninpon ofrece los siguientes m\u00e9todos de pago:<\/p>\n<ul>\n<li>Pagos con tarjeta de cr\u00e9dito y d\u00e9bito.<\/li>\n<li>Transferencia bancaria: Una vez recibido el dep\u00f3sito en nuestra cuenta, comenzaremos a procesar el pedido.<\/li>\n<li>PayPal: PayPal permite a los consumidores con una cuenta de correo electr\u00f3nico enviar pagos por Internet de forma segura y c\u00f3moda. Nuestra cuenta de PayPal es aaaaa@ninpon.com.<\/li>\n<li>Klarna: Pague en 3 cuotas sin intereses.<\/li>\n<\/ul>\n<p>Todos los m\u00e9todos de pago ofrecidos por Ninpon son seguros y est\u00e1n encriptados para garantizar la protecci\u00f3n de los datos financieros de nuestros clientes. Ninpon no almacena ni tiene acceso a los detalles de las tarjetas de cr\u00e9dito o d\u00e9bito, asegurando la m\u00e1xima privacidad y seguridad en todas las transacciones.<\/p>\n<p>Una vez confirmado el pago, independientemente del m\u00e9todo elegido, Ninpon enviar\u00e1 un correo electr\u00f3nico al Usuario confirmando los detalles del pedido y adjuntando la factura correspondiente.<\/p>\n<p>&nbsp;<\/p>\n<p><strong>7 \u2013 Entrega<\/strong><\/p>\n<p>Ninpon se compromete a entregar el producto en perfecto estado en la direcci\u00f3n facilitada por el usuario. Los pedidos confirmados por Ninpon ser\u00e1n entregados directamente en la direcci\u00f3n especificada por el usuario en el momento de la compra. Ninpon no ser\u00e1 responsable de errores en la entrega si la direcci\u00f3n facilitada por el usuario en el formulario de pedido es inexacta, falsa o se ha omitido.<\/p>\n<p>En el momento de la entrega, el cliente deber\u00e1 comprobar el estado externo del paquete. Si detecta alguna anomal\u00eda visible, como un paquete da\u00f1ado o se\u00f1ales de manipulaci\u00f3n, deber\u00e1 rechazar la entrega e informar a Ninpon por correo electr\u00f3nico a info@ninpon.com, indicando el n\u00famero de pedido y una o m\u00e1s fotos que muestren claramente el motivo de la devoluci\u00f3n.<br \/>\nUna vez entregado el pedido, Ninpon no se responsabiliza de los problemas derivados del transporte y rechazar\u00e1 cualquier solicitud de devoluci\u00f3n o reemplazo por defectos en el embalaje exterior que hayan sido aceptados por el cliente en el momento de la entrega.<\/p>\n<p>Nota: los da\u00f1os menores en el embalaje no constituyen un defecto, siempre que el contenido est\u00e9 en buen estado.<\/p>\n<p>Ninpon ofrece env\u00edo gratuito a clientes de la pen\u00ednsula ib\u00e9rica (Portugal y Espa\u00f1a) en pedidos superiores a 60\u202f\u20ac. Para otros destinos, incluidos archipi\u00e9lagos e internacionales, se pueden aplicar tarifas de env\u00edo adicionales.<br \/>\nLos pedidos solo se enviar\u00e1n tras la confirmaci\u00f3n del pago.<\/p>\n<p>&nbsp;<\/p>\n<p><strong>8 - Plazos de Env\u00edo<\/strong><\/p>\n<p>Como norma general, los art\u00edculos se env\u00edan en un plazo de 48 horas tras la recepci\u00f3n del pago, utilizando los servicios de transporte disponibles en nuestra plataforma de comercio electr\u00f3nico. Para art\u00edculos de Reserva Anticipada y En Stock Proveedor, el env\u00edo se realiza en un plazo de 48 horas desde la llegada del producto a nuestro almac\u00e9n.<br \/>\nTodos los env\u00edos se realizan mediante transportistas que proporcionan un n\u00famero de seguimiento, lo que permite al Usuario monitorizar el estado de su pedido en todo momento.<\/p>\n<p>Los plazos de entrega indicados reflejan los procedimientos est\u00e1ndar de Ninpon y las empresas de transporte. Esto significa que se consideran v\u00e1lidos \u00fanicamente en ausencia de circunstancias imprevistas o casos de fuerza mayor, ya sea por parte de Ninpon o de las empresas de transporte. Los env\u00edos se realizan \u00fanicamente en d\u00edas laborables.<\/p>\n<p>Para m\u00e1s detalles, consulte nuestra p\u00e1gina de env\u00edos: <a href=\"https:\/\/ninpon.com\/es\/envio\/\">www.ninpon.com\/es\/envio<\/a>.<\/p>\n<p>&nbsp;<\/p>\n<p><strong>9 - Devoluciones y Cambios<\/strong><\/p>\n<p>Los usuarios disponen de 14 d\u00edas naturales para devolver un producto desde la fecha de recepci\u00f3n, siempre que no haya sido usado, est\u00e9 sin abrir y en perfecto estado.<br \/>\nAntes de devolver cualquier art\u00edculo, por favor contacte primero con nuestro servicio de atenci\u00f3n al cliente para recibir instrucciones sobre c\u00f3mo proceder.<\/p>\n<p>En caso de devoluci\u00f3n por defecto del producto, contacte con nosotros en un plazo m\u00e1ximo de 48 horas proporcionando las pruebas necesarias. Nuestro equipo revisar\u00e1 el caso e informar\u00e1 sobre c\u00f3mo proceder.<\/p>\n<p>Los art\u00edculos marcados como \"Reserva Anticipada\" o \"En Stock Proveedor\" no son elegibles para devoluci\u00f3n ni cancelaci\u00f3n, ya que se adquieren espec\u00edficamente para cada cliente.<\/p>\n<p>Para m\u00e1s detalles, consulta nuestra Pol\u00edtica de Devoluciones completa: <a href=\"https:\/\/ninpon.com\/es\/politica-de-devoluciones\/\">www.ninpon.com\/es\/politica-de-devoluciones<\/a>.<\/p>\n<p>&nbsp;<\/p>\n<p><strong>10 - Propiedad Intelectual<\/strong><\/p>\n<p>Todos los derechos sobre el contenido, textos, im\u00e1genes, dise\u00f1o y c\u00f3digo fuente de este Sitio Web, as\u00ed como cualquier otro derecho de propiedad intelectual e industrial, pertenecen a Ninpon.<br \/>\nEl resto del contenido, incluidos ciertos textos e im\u00e1genes, es en gran parte propiedad de las marcas, fabricantes o proveedores de los productos. En consecuencia, est\u00e1 estrictamente reservado para cada marca, fabricante y proveedor, y est\u00e1 protegido por la ley de derechos de autor, as\u00ed como por los derechos de propiedad intelectual en relaci\u00f3n con terceros.<br \/>\nEst\u00e1 estrictamente prohibida cualquier reproducci\u00f3n o representaci\u00f3n, total o parcial, de este sitio web <a href=\"https:\/\/ninpon.com\/es\/\">www.ninpon.com<\/a>o de cualquiera de sus elementos.<\/p>\n<p>&nbsp;<\/p>\n<p><strong>11 - Exclusi\u00f3n de Responsabilidad<\/strong><\/p>\n<p>Ninpon no ofrece garant\u00edas y no ser\u00e1 en ning\u00fan caso responsable de los da\u00f1os derivados del acceso o uso del contenido del sitio web. Esto incluye, entre otros:<\/p>\n<ol>\n<li>Disponibilidad y mantenimiento \u2013 Ninpon no es responsable de la falta de disponibilidad, mantenimiento o buen funcionamiento del sitio web y\/o de sus servicios o contenidos. En la m\u00e1xima medida permitida por la ley, Ninpon excluye cualquier responsabilidad por da\u00f1os derivados de interrupciones, periodos de inactividad o fallos operativos del sitio web.<\/li>\n<li>Utilidad del sitio web \u2013 Ninpon no garantiza la idoneidad o utilidad del sitio web o de su contenido para ning\u00fan prop\u00f3sito espec\u00edfico.<\/li>\n<li>Enlaces externos \u2013 Ninpon no es responsable del contenido de sitios web de terceros enlazados desde este sitio.<\/li>\n<li>Seguridad e integridad \u2013 Ninpon no asume responsabilidad por programas da\u00f1inos, amenazas de seguridad o c\u00f3digo no autorizado que pueda encontrarse en el sitio web.<\/li>\n<li>Uso indebido e infracciones \u2013 Ninpon no es responsable del uso il\u00edcito, negligente o fraudulento del sitio web o de sus contenidos por parte de los usuarios, incluyendo las infracciones de derechos de propiedad intelectual y\/o industrial pertenecientes a Ninpon o a terceros. En caso de que un usuario infrinja los derechos de propiedad intelectual de Ninpon, esta se reserva el derecho de emprender las acciones legales que considere oportunas.<\/li>\n<li>Negligencia del usuario \u2013 Ninpon no ser\u00e1 responsable de los incidentes causados por la falta de diligencia del usuario o por el uso inadecuado del sitio web.<\/li>\n<li>Contenido Generado por el Usuario \u2013 Ninpon rechaza cualquier responsabilidad por los comentarios u opiniones publicados en el Sitio Web que infrinjan estos T\u00e9rminos y Condiciones, la legislaci\u00f3n aplicable o los derechos de terceros.<\/li>\n<li>8.\u00a0\u00a0\u00a0\u00a0\u00a0 Fuerza mayor \u2013 Ninpon no es responsable de fallos, suspensiones o interrupciones del servicio causados por eventos de fuerza mayor, incluidos, entre otros, cortes de electricidad, interrupciones en los servicios de telecomunicaciones o de internet, acciones u omisiones de terceros, o cualquier circunstancia externa fuera del control de Ninpon que impida el funcionamiento normal del sitio web.<\/li>\n<\/ol>\n<p><strong>12 - Legislaci\u00f3n Aplicable y Jurisdicci\u00f3n<\/strong><\/p>\n<p>Estos t\u00e9rminos de uso del sitio www.ninpon.com se rigen por la legislaci\u00f3n portuguesa vigente.<br \/>\nEn caso de disputa com nuestra empresa, el cliente podr\u00e1 recurrir a una entidad de Resoluci\u00f3n Alternativa de Litigios (RAL). Para m\u00e1s informaci\u00f3n, visite el Portal del Consumidor en <a href=\"http:\/\/www.consumidor.gov.pt\">www.consumidor.gov.pt<\/a>.<\/p>\n<p>&nbsp;<\/p>\n<p><strong>13 - Consentimiento<\/strong><\/p>\n<p>Al utilizar la tienda online Ninpon, el usuario acepta y consiente estos t\u00e9rminos y condiciones de uso, as\u00ed como la pol\u00edtica de privacidad y de protecci\u00f3n de datos personales.<\/p>","protected":false},"excerpt":{"rendered":"<p>The online store Ninpon operates according to the terms and conditions presented here. By accessing the website www.ninpon.com, the user expressly agrees to the following terms and conditions of use, as well as the privacy policy, which can be accessed here. Ninpon reserves the right to modify, in whole or in part, the terms and [&hellip;]<\/p>","protected":false},"author":2,"featured_media":0,"parent":0,"menu_order":0,"comment_status":"closed","ping_status":"closed","template":"","meta":{"footnotes":""},"class_list":["post-876","page","type-page","status-publish","hentry"],"acf":[],"yoast_head":"<!-- This site is optimized with the Yoast SEO plugin v27.4 - https:\/\/yoast.com\/product\/yoast-seo-wordpress\/ -->\n<title>Terms of Use | Ninpon<\/title>\n<meta name=\"description\" content=\"Read Ninpon\u2019s terms of use and understand our guidelines for purchasing anime and gaming merchandise online.\" \/>\n<meta name=\"robots\" content=\"index, follow, max-snippet:-1, max-image-preview:large, max-video-preview:-1\" \/>\n<link rel=\"canonical\" href=\"https:\/\/ninpon.com\/es\/terms-of-use\/\" \/>\n<meta property=\"og:locale\" content=\"es_ES\" \/>\n<meta property=\"og:type\" content=\"article\" \/>\n<meta property=\"og:title\" content=\"Terms of Use | Ninpon\" \/>\n<meta property=\"og:description\" content=\"Read Ninpon\u2019s terms of use and understand our guidelines for purchasing anime and gaming merchandise online.\" \/>\n<meta property=\"og:url\" content=\"https:\/\/ninpon.com\/es\/terms-of-use\/\" \/>\n<meta property=\"og:site_name\" content=\"Ninpon\" \/>\n<meta property=\"article:modified_time\" content=\"2025-09-17T17:16:02+00:00\" \/>\n<meta property=\"og:image\" content=\"https:\/\/ninpon.com\/wp-content\/uploads\/2025\/09\/seo.png\" \/>\n\t<meta property=\"og:image:width\" content=\"1200\" \/>\n\t<meta property=\"og:image:height\" content=\"675\" \/>\n\t<meta property=\"og:image:type\" content=\"image\/png\" \/>\n<meta name=\"twitter:card\" content=\"summary_large_image\" \/>\n<meta name=\"twitter:label1\" content=\"Tiempo de lectura\" \/>\n\t<meta name=\"twitter:data1\" content=\"8 minutos\" \/>\n<script type=\"application\/ld+json\" class=\"yoast-schema-graph\">{\"@context\":\"https:\\\/\\\/schema.org\",\"@graph\":[{\"@type\":\"WebPage\",\"@id\":\"https:\\\/\\\/ninpon.com\\\/terms-of-use\\\/\",\"url\":\"https:\\\/\\\/ninpon.com\\\/terms-of-use\\\/\",\"name\":\"Terms of Use | Ninpon\",\"isPartOf\":{\"@id\":\"https:\\\/\\\/ninpon.com\\\/#website\"},\"datePublished\":\"2025-04-04T19:46:59+00:00\",\"dateModified\":\"2025-09-17T17:16:02+00:00\",\"description\":\"Read Ninpon\u2019s terms of use and understand our guidelines for purchasing anime and gaming merchandise online.\",\"inLanguage\":\"es\",\"potentialAction\":[{\"@type\":\"ReadAction\",\"target\":[\"https:\\\/\\\/ninpon.com\\\/terms-of-use\\\/\"]}]},{\"@type\":\"WebSite\",\"@id\":\"https:\\\/\\\/ninpon.com\\\/#website\",\"url\":\"https:\\\/\\\/ninpon.com\\\/\",\"name\":\"Ninpon\",\"description\":\"\",\"publisher\":{\"@id\":\"https:\\\/\\\/ninpon.com\\\/#organization\"},\"potentialAction\":[{\"@type\":\"SearchAction\",\"target\":{\"@type\":\"EntryPoint\",\"urlTemplate\":\"https:\\\/\\\/ninpon.com\\\/?s={search_term_string}\"},\"query-input\":{\"@type\":\"PropertyValueSpecification\",\"valueRequired\":true,\"valueName\":\"search_term_string\"}}],\"inLanguage\":\"es\"},{\"@type\":\"Organization\",\"@id\":\"https:\\\/\\\/ninpon.com\\\/#organization\",\"name\":\"Ninpon\",\"url\":\"https:\\\/\\\/ninpon.com\\\/\",\"logo\":{\"@type\":\"ImageObject\",\"inLanguage\":\"es\",\"@id\":\"https:\\\/\\\/ninpon.com\\\/#\\\/schema\\\/logo\\\/image\\\/\",\"url\":\"https:\\\/\\\/ninpon.com\\\/wp-content\\\/uploads\\\/2023\\\/07\\\/logo.svg\",\"contentUrl\":\"https:\\\/\\\/ninpon.com\\\/wp-content\\\/uploads\\\/2023\\\/07\\\/logo.svg\",\"width\":168,\"height\":50,\"caption\":\"Ninpon\"},\"image\":{\"@id\":\"https:\\\/\\\/ninpon.com\\\/#\\\/schema\\\/logo\\\/image\\\/\"}}]}<\/script>\n<!-- \/ Yoast SEO plugin. -->","yoast_head_json":{"title":"Terms of Use | Ninpon","description":"Read Ninpon\u2019s terms of use and understand our guidelines for purchasing anime and gaming merchandise online.","robots":{"index":"index","follow":"follow","max-snippet":"max-snippet:-1","max-image-preview":"max-image-preview:large","max-video-preview":"max-video-preview:-1"},"canonical":"https:\/\/ninpon.com\/es\/terms-of-use\/","og_locale":"es_ES","og_type":"article","og_title":"Terms of Use | Ninpon","og_description":"Read Ninpon\u2019s terms of use and understand our guidelines for purchasing anime and gaming merchandise online.","og_url":"https:\/\/ninpon.com\/es\/terms-of-use\/","og_site_name":"Ninpon","article_modified_time":"2025-09-17T17:16:02+00:00","og_image":[{"width":1200,"height":675,"url":"https:\/\/ninpon.com\/wp-content\/uploads\/2025\/09\/seo.png","type":"image\/png"}],"twitter_card":"summary_large_image","twitter_misc":{"Tiempo de lectura":"8 minutos"},"schema":{"@context":"https:\/\/schema.org","@graph":[{"@type":"WebPage","@id":"https:\/\/ninpon.com\/terms-of-use\/","url":"https:\/\/ninpon.com\/terms-of-use\/","name":"Terms of Use | Ninpon","isPartOf":{"@id":"https:\/\/ninpon.com\/#website"},"datePublished":"2025-04-04T19:46:59+00:00","dateModified":"2025-09-17T17:16:02+00:00","description":"Read Ninpon\u2019s terms of use and understand our guidelines for purchasing anime and gaming merchandise online.","inLanguage":"es","potentialAction":[{"@type":"ReadAction","target":["https:\/\/ninpon.com\/terms-of-use\/"]}]},{"@type":"WebSite","@id":"https:\/\/ninpon.com\/#website","url":"https:\/\/ninpon.com\/","name":"Ninpon","description":"","publisher":{"@id":"https:\/\/ninpon.com\/#organization"},"potentialAction":[{"@type":"SearchAction","target":{"@type":"EntryPoint","urlTemplate":"https:\/\/ninpon.com\/?s={search_term_string}"},"query-input":{"@type":"PropertyValueSpecification","valueRequired":true,"valueName":"search_term_string"}}],"inLanguage":"es"},{"@type":"Organization","@id":"https:\/\/ninpon.com\/#organization","name":"Ninpon","url":"https:\/\/ninpon.com\/","logo":{"@type":"ImageObject","inLanguage":"es","@id":"https:\/\/ninpon.com\/#\/schema\/logo\/image\/","url":"https:\/\/ninpon.com\/wp-content\/uploads\/2023\/07\/logo.svg","contentUrl":"https:\/\/ninpon.com\/wp-content\/uploads\/2023\/07\/logo.svg","width":168,"height":50,"caption":"Ninpon"},"image":{"@id":"https:\/\/ninpon.com\/#\/schema\/logo\/image\/"}}]}},"_links":{"self":[{"href":"https:\/\/ninpon.com\/es\/wp-json\/wp\/v2\/pages\/876","targetHints":{"allow":["GET"]}}],"collection":[{"href":"https:\/\/ninpon.com\/es\/wp-json\/wp\/v2\/pages"}],"about":[{"href":"https:\/\/ninpon.com\/es\/wp-json\/wp\/v2\/types\/page"}],"author":[{"embeddable":true,"href":"https:\/\/ninpon.com\/es\/wp-json\/wp\/v2\/users\/2"}],"replies":[{"embeddable":true,"href":"https:\/\/ninpon.com\/es\/wp-json\/wp\/v2\/comments?post=876"}],"version-history":[{"count":5,"href":"https:\/\/ninpon.com\/es\/wp-json\/wp\/v2\/pages\/876\/revisions"}],"predecessor-version":[{"id":920,"href":"https:\/\/ninpon.com\/es\/wp-json\/wp\/v2\/pages\/876\/revisions\/920"}],"wp:attachment":[{"href":"https:\/\/ninpon.com\/es\/wp-json\/wp\/v2\/media?parent=876"}],"curies":[{"name":"wp","href":"https:\/\/api.w.org\/{rel}","templated":true}]}}